{"id":14970,"date":"2024-08-12T06:49:35","date_gmt":"2024-08-12T06:49:35","guid":{"rendered":"https:\/\/antoniruiz.com\/?page_id=14970"},"modified":"2026-01-07T16:32:14","modified_gmt":"2026-01-07T16:32:14","slug":"accessibility","status":"publish","type":"page","link":"https:\/\/antoniruiz.com\/en\/accessibility\/","title":{"rendered":"Accesibilidad"},"content":{"rendered":"\t\t<div data-elementor-type=\"wp-page\" data-elementor-id=\"14970\" class=\"elementor elementor-14970 elementor-14939\" data-elementor-post-type=\"page\">\n\t\t\t\t<div class=\"elementor-element elementor-element-ce674cc e-flex e-con-boxed e-con e-parent\" data-id=\"ce674cc\" data-element_type=\"container\" data-e-type=\"container\">\n\t\t\t\t\t<div class=\"e-con-inner\">\n\t\t\t\t<div class=\"elementor-element elementor-element-0072d37 elementor-widget elementor-widget-heading\" data-id=\"0072d37\" data-element_type=\"widget\" data-e-type=\"widget\" data-widget_type=\"heading.default\">\n\t\t\t\t<div class=\"elementor-widget-container\">\n\t\t\t\t\t<h2 class=\"elementor-heading-title elementor-size-default\">ACCESIBILIDAD<\/h2>\t\t\t\t<\/div>\n\t\t\t\t<\/div>\n\t\t\t\t<div class=\"elementor-element elementor-element-b0f84e9 elementor-widget elementor-widget-text-editor\" data-id=\"b0f84e9\" data-element_type=\"widget\" data-e-type=\"widget\" data-widget_type=\"text-editor.default\">\n\t\t\t\t<div class=\"elementor-widget-container\">\n\t\t\t\t\t\t\t\t\t<p>Esta declaraci\u00f3n de accesibilidad se aplica al sitio web <a href=\"http:\/\/www.antoniruiz.com\">www.antoniruiz.com<\/a><\/p>\n\t\t\t\t\t\t\t\t<\/div>\n\t\t\t\t<\/div>\n\t\t\t\t<div class=\"elementor-element elementor-element-61b99f5 elementor-widget elementor-widget-heading\" data-id=\"61b99f5\" data-element_type=\"widget\" data-e-type=\"widget\" data-widget_type=\"heading.default\">\n\t\t\t\t<div class=\"elementor-widget-container\">\n\t\t\t\t\t<h2 class=\"elementor-heading-title elementor-size-default\">SITUACI\u00d3N DE CUMPLIMIENTO<\/h2>\t\t\t\t<\/div>\n\t\t\t\t<\/div>\n\t\t\t\t<div class=\"elementor-element elementor-element-8642912 elementor-widget elementor-widget-text-editor\" data-id=\"8642912\" data-element_type=\"widget\" data-e-type=\"widget\" data-widget_type=\"text-editor.default\">\n\t\t\t\t<div class=\"elementor-widget-container\">\n\t\t\t\t\t\t\t\t\t<p>Este sitio web cumple parcialmente con el RD 1112\/2018 debido a excepciones e incumplimientos. de los aspectos indicados en el punto siguiente. <\/p>\n\t\t\t\t\t\t\t\t<\/div>\n\t\t\t\t<\/div>\n\t\t\t\t<div class=\"elementor-element elementor-element-b906006 elementor-widget elementor-widget-heading\" data-id=\"b906006\" data-element_type=\"widget\" data-e-type=\"widget\" data-widget_type=\"heading.default\">\n\t\t\t\t<div class=\"elementor-widget-container\">\n\t\t\t\t\t<h2 class=\"elementor-heading-title elementor-size-default\">CONTENIDO NO ACCESIBLE<\/h2>\t\t\t\t<\/div>\n\t\t\t\t<\/div>\n\t\t\t\t<div class=\"elementor-element elementor-element-21041c7 elementor-widget elementor-widget-text-editor\" data-id=\"21041c7\" data-element_type=\"widget\" data-e-type=\"widget\" data-widget_type=\"text-editor.default\">\n\t\t\t\t<div class=\"elementor-widget-container\">\n\t\t\t\t\t\t\t\t\t<p>El contenido recopilado a continuaci\u00f3n no es accesible para:<\/p>\n<ul>\n<li>Incumplimiento del RD 1112\/2018<\/li>\n<li>Podr\u00eda haber algunos aspectos de contraste que no cumplan el m\u00ednimo requerido, 3:1, respecto a los colores.<br \/>adyacente al fondo de<\/li>\n<li>la secci\u00f3n del sitio web en cuesti\u00f3n. [9 .1.4.11 Contraste no textual] <\/li>\n<li>Es posible que haya algunos elementos no textuales que no est\u00e9n etiquetados correctamente [2 .5.3 Etiqueta num\u00e9rica] y [4.1.2 Nombre y valor de la funci\u00f3n]<\/li>\n<li>Los motores de b\u00fasqueda buscan autom\u00e1ticamente sin necesidad de ordenar ninguna acci\u00f3n al usuario [3 .2.2 Al recibir entradas]<\/li>\n<li>Podr\u00eda haber algunos textos en otro idioma no etiquetados correctamente [3 .1.2 Idioma de las partes]<\/li>\n<li>Podr\u00edan producirse errores ocasionales de edici\u00f3n de c\u00f3digo en algunas p\u00e1ginas web. [4.1.1 Procesamiento] <\/li>\n<li>Cargo desproporcionado \u2013 No aplicable.<\/li>\n<li>El contenido no entra dentro del \u00e1mbito de aplicaci\u00f3n de la legislaci\u00f3n aplicable.<\/li>\n<\/ul>\n\t\t\t\t\t\t\t\t<\/div>\n\t\t\t\t<\/div>\n\t\t\t\t<div class=\"elementor-element elementor-element-e89a77c elementor-widget elementor-widget-heading\" data-id=\"e89a77c\" data-element_type=\"widget\" data-e-type=\"widget\" data-widget_type=\"heading.default\">\n\t\t\t\t<div class=\"elementor-widget-container\">\n\t\t\t\t\t<h2 class=\"elementor-heading-title elementor-size-default\">PREPARACI\u00d3N DE LA SIGUIENTE DECLARACI\u00d3N DE ACCESIBILIDAD<\/h2>\t\t\t\t<\/div>\n\t\t\t\t<\/div>\n\t\t\t\t<div class=\"elementor-element elementor-element-a9e53a3 elementor-widget elementor-widget-text-editor\" data-id=\"a9e53a3\" data-element_type=\"widget\" data-e-type=\"widget\" data-widget_type=\"text-editor.default\">\n\t\t\t\t<div class=\"elementor-widget-container\">\n\t\t\t\t\t\t\t\t\t<p>Esta declaraci\u00f3n fue preparada el 28\/05\/2024.<br \/>El m\u00e9todo utilizado para la elaboraci\u00f3n de la declaraci\u00f3n fue una valoraci\u00f3n manual realizada por AVANCEM AMB VOST\u00c8 S.L. (AVANNUBO).<br \/>La Declaraci\u00f3n de Accesibilidad fue revisada y actualizada en 28\/05\/2024.<br \/>Si desea llamar nuestra atenci\u00f3n sobre la existencia de un enlace a un sitio web con contenido que considera inapropiado o ilegal, puede contactarnos en info@intasges.es.<\/p>\n\t\t\t\t\t\t\t\t<\/div>\n\t\t\t\t<\/div>\n\t\t\t\t<div class=\"elementor-element elementor-element-84bce17 elementor-widget elementor-widget-heading\" data-id=\"84bce17\" data-element_type=\"widget\" data-e-type=\"widget\" data-widget_type=\"heading.default\">\n\t\t\t\t<div class=\"elementor-widget-container\">\n\t\t\t\t\t<h2 class=\"elementor-heading-title elementor-size-default\">OBSERVACIONES Y DATOS DE CONTACTO<\/h2>\t\t\t\t<\/div>\n\t\t\t\t<\/div>\n\t\t\t\t<div class=\"elementor-element elementor-element-fb462f3 elementor-widget elementor-widget-text-editor\" data-id=\"fb462f3\" data-element_type=\"widget\" data-e-type=\"widget\" data-widget_type=\"text-editor.default\">\n\t\t\t\t<div class=\"elementor-widget-container\">\n\t\t\t\t\t\t\t\t\t<p><span data-contrast=\"none\">Puede realizar comunicaciones sobre requisitos de\u202faccesibilidad (art\u00edculo 10.2.a del RD 1112\/2018) como, por ejemplo:<\/span><span data-ccp-props=\"{\"335559739\":384}\"> <\/span><\/p>\n<ul>\n<li data-leveltext=\"\uf0b7\" data-font=\"Symbol\" data-listid=\"5\" data-list-defn-props=\"{\"335552541\":1,\"335559684\":-2,\"335559685\":720,\"335559991\":360,\"469769226\":\"Symbol\",\"469769242\":[8226],\"469777803\":\"left\",\"469777804\":\"\uf0b7\",\"469777815\":\"multilevel\"}\" aria-setsize=\"-1\" data-aria-posinset=\"1\" data-aria-level=\"1\"><span data-contrast=\"none\">Informar sobre cualquier posible incumplimiento por parte de\u202feste sitio web.<\/span><span data-ccp-props=\"{\"335559685\":1440}\"> <\/span><\/li>\n<li data-leveltext=\"\uf0b7\" data-font=\"Symbol\" data-listid=\"5\" data-list-defn-props=\"{\"335552541\":1,\"335559684\":-2,\"335559685\":720,\"335559991\":360,\"469769226\":\"Symbol\",\"469769242\":[8226],\"469777803\":\"left\",\"469777804\":\"\uf0b7\",\"469777815\":\"multilevel\"}\" aria-setsize=\"-1\" data-aria-posinset=\"2\" data-aria-level=\"1\"><span data-contrast=\"none\">Transmitir otras dificultades de acceso al contenido.<\/span><span data-ccp-props=\"{\"335559685\":1440}\"> <\/span><\/li>\n<\/ul>\n<ul>\n<li data-leveltext=\"\uf0b7\" data-font=\"Symbol\" data-listid=\"5\" data-list-defn-props=\"{\"335552541\":1,\"335559684\":-2,\"335559685\":720,\"335559991\":360,\"469769226\":\"Symbol\",\"469769242\":[8226],\"469777803\":\"left\",\"469777804\":\"\uf0b7\",\"469777815\":\"multilevel\"}\" aria-setsize=\"-1\" data-aria-posinset=\"1\" data-aria-level=\"1\"><span data-contrast=\"none\">Formular cualquier otra consulta o sugerencia de mejora relativa a la accesibilidad del sitio web.<\/span><span data-ccp-props=\"{\"335559685\":1440}\"> <\/span><\/li>\n<\/ul>\n<p><span data-contrast=\"none\">A trav\u00e9s del n\u00famero de tel\u00e9fono (+34) <\/span>93 423 52 64<span data-contrast=\"none\">.<\/span><span data-ccp-props=\"{\"335559739\":384}\"> <\/span><\/p>\n<p><span data-contrast=\"none\">Puede presentar:<\/span><span data-ccp-props=\"{\"335559739\":384}\"> <\/span><\/p>\n<ul>\n<li data-leveltext=\"\uf0b7\" data-font=\"Symbol\" data-listid=\"6\" data-list-defn-props=\"{\"335552541\":1,\"335559684\":-2,\"335559685\":720,\"335559991\":360,\"469769226\":\"Symbol\",\"469769242\":[8226],\"469777803\":\"left\",\"469777804\":\"\uf0b7\",\"469777815\":\"multilevel\"}\" aria-setsize=\"-1\" data-aria-posinset=\"2\" data-aria-level=\"1\"><span data-contrast=\"none\">Queja relativa al cumplimiento de los requisitos del RD<\/span> <br \/><span data-contrast=\"none\">1112\/2018 o<\/span><span data-ccp-props=\"{\"335559685\":1440}\"> <\/span><\/li>\n<li data-leveltext=\"\uf0b7\" data-font=\"Symbol\" data-listid=\"6\" data-list-defn-props=\"{\"335552541\":1,\"335559684\":-2,\"335559685\":720,\"335559991\":360,\"469769226\":\"Symbol\",\"469769242\":[8226],\"469777803\":\"left\",\"469777804\":\"\uf0b7\",\"469777815\":\"multilevel\"}\" aria-setsize=\"-1\" data-aria-posinset=\"3\" data-aria-level=\"1\"><span data-contrast=\"none\">Solicitud de Informaci\u00f3n accesible relativa a:<\/span><span data-ccp-props=\"{\"335559685\":1440}\"> <\/span><\/li>\n<\/ul>\n<ul>\n<li data-leveltext=\"\uf0b7\" data-font=\"Symbol\" data-listid=\"6\" data-list-defn-props=\"{\"335552541\":1,\"335559684\":-2,\"335559685\":720,\"335559991\":360,\"469769226\":\"Symbol\",\"469769242\":[8226],\"469777803\":\"left\",\"469777804\":\"\uf0b7\",\"469777815\":\"multilevel\"}\" aria-setsize=\"-1\" data-aria-posinset=\"1\" data-aria-level=\"1\"><span data-contrast=\"none\">Contenidos que est\u00e1n excluidos del \u00e1mbito de aplicaci\u00f3n del RD 1112\/2018 seg\u00fan lo establecido por el art\u00edculo 3, apartado 4<\/span><span data-ccp-props=\"{\"335559685\":1440}\"> <\/span><\/li>\n<li data-leveltext=\"\uf0b7\" data-font=\"Symbol\" data-listid=\"6\" data-list-defn-props=\"{\"335552541\":1,\"335559684\":-2,\"335559685\":720,\"335559991\":360,\"469769226\":\"Symbol\",\"469769242\":[8226],\"469777803\":\"left\",\"469777804\":\"\uf0b7\",\"469777815\":\"multilevel\"}\" aria-setsize=\"-1\" data-aria-posinset=\"2\" data-aria-level=\"1\"><span data-contrast=\"none\">Contenidos que est\u00e1n exentos del cumplimiento de los requisitos de accesibilidad por imponer una carga desproporcionada.<\/span><span data-ccp-props=\"{\"335559685\":1440}\"> <\/span><\/li>\n<\/ul>\n\t\t\t\t\t\t\t\t<\/div>\n\t\t\t\t<\/div>\n\t\t\t\t<div class=\"elementor-element elementor-element-9f1bd55 elementor-widget elementor-widget-heading\" data-id=\"9f1bd55\" data-element_type=\"widget\" data-e-type=\"widget\" data-widget_type=\"heading.default\">\n\t\t\t\t<div class=\"elementor-widget-container\">\n\t\t\t\t\t<h2 class=\"elementor-heading-title elementor-size-default\">PROCEDIMIENTO DE SOLICITUD<\/h2>\t\t\t\t<\/div>\n\t\t\t\t<\/div>\n\t\t\t\t<div class=\"elementor-element elementor-element-f07b11c elementor-widget elementor-widget-text-editor\" data-id=\"f07b11c\" data-element_type=\"widget\" data-e-type=\"widget\" data-widget_type=\"text-editor.default\">\n\t\t\t\t<div class=\"elementor-widget-container\">\n\t\t\t\t\t\t\t\t\t<p>Si una vez presentada una solicitud de informaci\u00f3n accesible o una denuncia \u00e9sta hubiera sido desestimada, no estuvo de acuerdo con la decisi\u00f3n adoptada, o la respuesta no cumpli\u00f3 con los requisitos previstos en el art\u00edculo 12.5, el interesado podr\u00e1 iniciar una reclamaci\u00f3n.<br \/>Tambi\u00e9n se puede iniciar una reclamaci\u00f3n en el caso que haya transcurrido el plazo de veinte d\u00edas h\u00e1biles sin obtener respuesta.<br \/>El reclamo puede ser presentados a trav\u00e9s de la Instancia Gen\u00e9rica de la Sede Electr\u00f3nica del Ministerio de Asuntos Econ\u00f3micos y Transformaci\u00f3n Digital, as\u00ed como el resto de opciones contenidas en la Ley 39\/2015, de 1 de octubre, de Procedimiento Administrativo Com\u00fan de las Administraciones P\u00fablicas.<br \/>Las reclamaciones ser\u00e1n recibidas y procesadas por la Direcci\u00f3n General de Inspecci\u00f3n de Servicios del Ministerio.<\/p>\n\t\t\t\t\t\t\t\t<\/div>\n\t\t\t\t<\/div>\n\t\t\t\t<div class=\"elementor-element elementor-element-c468919 elementor-widget elementor-widget-heading\" data-id=\"c468919\" data-element_type=\"widget\" data-e-type=\"widget\" data-widget_type=\"heading.default\">\n\t\t\t\t<div class=\"elementor-widget-container\">\n\t\t\t\t\t<h2 class=\"elementor-heading-title elementor-size-default\">CONTENIDO OPCIONAL<\/h2>\t\t\t\t<\/div>\n\t\t\t\t<\/div>\n\t\t\t\t<div class=\"elementor-element elementor-element-b785ee2 elementor-widget elementor-widget-text-editor\" data-id=\"b785ee2\" data-element_type=\"widget\" data-e-type=\"widget\" data-widget_type=\"text-editor.default\">\n\t\t\t\t<div class=\"elementor-widget-container\">\n\t\t\t\t\t\t\t\t\t<p>Este portal est\u00e1 dise\u00f1ado para poder cambiar el tama\u00f1o del texto y el color, as\u00ed como el fondo de la p\u00e1gina. a trav\u00e9s de las opciones de configuraci\u00f3n est\u00e1ndar del navegador.<br \/>Si desea cambiar el tama\u00f1o de fuente del texto en los principales navegadores gr\u00e1ficos, utilice lo siguiente men\u00fas:<\/p>\n<p>Internet Explorer, Mozilla y Firefox: Ver &gt; Tama\u00f1o del texto<br \/>\u00d3pera: Ver &gt; Zoom<br \/>Safari: Ver &gt; Agrandar el texto<br \/>Chrome: Controlar la p\u00e1gina actual &gt; Tama\u00f1o del texto<\/p>\n<p>Para cambiar el tama\u00f1o de todo lo que hay en la p\u00e1gina:<\/p>\n<p>Ctrl + + para aumentarlo<br \/>Ctrl + \u2013 para disminuirlo<br \/>Ctrl + 0 restaura el tama\u00f1o del texto original<br \/>Si desea anular la hoja de style o cambiar el color del texto, puede ver la p\u00e1gina C\u00f3mo cambiar Tama\u00f1o de Texto o Colores del WAI, que se puede leer traducido al espa\u00f1ol en C\u00f3mo cambiar el tama\u00f1o del texto o \u00bfColores?<\/p>\n\t\t\t\t\t\t\t\t<\/div>\n\t\t\t\t<\/div>\n\t\t\t\t\t<\/div>\n\t\t\t\t<\/div>\n\t\t\t\t<\/div>\n\t\t","protected":false},"excerpt":{"rendered":"<p>ACCESIBILIDAD Esta declaraci\u00f3n de accesibilidad se aplica al sitio web www.antoniruiz.com SITUACI\u00d3N DE CUMPLIMIENTO Este sitio web cumple parcialmente con [&hellip;]<\/p>\n","protected":false},"author":1,"featured_media":0,"parent":0,"menu_order":0,"comment_status":"closed","ping_status":"closed","template":"","meta":{"_acf_changed":false,"site-sidebar-layout":"no-sidebar","site-content-layout":"","ast-site-content-layout":"full-width-container","site-content-style":"default","site-sidebar-style":"default","ast-global-header-display":"","ast-banner-title-visibility":"","ast-main-header-display":"","ast-hfb-above-header-display":"","ast-hfb-below-header-display":"","ast-hfb-mobile-header-display":"","site-post-title":"disabled","ast-breadcrumbs-content":"","ast-featured-img":"disabled","footer-sml-layout":"","ast-disable-related-posts":"","theme-transparent-header-meta":"","adv-header-id-meta":"","stick-header-meta":"","header-above-stick-meta":"","header-main-stick-meta":"","header-below-stick-meta":"","astra-migrate-meta-layouts":"default","ast-page-background-enabled":"default","ast-page-background-meta":{"desktop":{"background-color":"var(--ast-global-color-4)","background-image":"","background-repeat":"repeat","background-position":"center center","background-size":"auto","background-attachment":"scroll","background-type":"","background-media":"","overlay-type":"","overlay-color":"","overlay-opacity":"","overlay-gradient":""},"tablet":{"background-color":"","background-image":"","background-repeat":"repeat","background-position":"center center","background-size":"auto","background-attachment":"scroll","background-type":"","background-media":"","overlay-type":"","overlay-color":"","overlay-opacity":"","overlay-gradient":""},"mobile":{"background-color":"","background-image":"","background-repeat":"repeat","background-position":"center center","background-size":"auto","background-attachment":"scroll","background-type":"","background-media":"","overlay-type":"","overlay-color":"","overlay-opacity":"","overlay-gradient":""}},"ast-content-background-meta":{"desktop":{"background-color":"var(--ast-global-color-5)","background-image":"","background-repeat":"repeat","background-position":"center center","background-size":"auto","background-attachment":"scroll","background-type":"","background-media":"","overlay-type":"","overlay-color":"","overlay-opacity":"","overlay-gradient":""},"tablet":{"background-color":"var(--ast-global-color-5)","background-image":"","background-repeat":"repeat","background-position":"center center","background-size":"auto","background-attachment":"scroll","background-type":"","background-media":"","overlay-type":"","overlay-color":"","overlay-opacity":"","overlay-gradient":""},"mobile":{"background-color":"var(--ast-global-color-5)","background-image":"","background-repeat":"repeat","background-position":"center center","background-size":"auto","background-attachment":"scroll","background-type":"","background-media":"","overlay-type":"","overlay-color":"","overlay-opacity":"","overlay-gradient":""}},"footnotes":""},"class_list":["post-14970","page","type-page","status-publish","hentry"],"acf":[],"yoast_head":"<!-- This site is optimized with the Yoast SEO plugin v23.2 - https:\/\/yoast.com\/wordpress\/plugins\/seo\/ -->\n<title>Accesibilidad - Antoni Ruiz<\/title>\n<meta name=\"description\" content=\"Accede con total accesibilidad a los servicios de Antoni Ruiz en consultor\u00eda, formaci\u00f3n y liderazgo. Descubre c\u00f3mo podemos ayudarte.\" \/>\n<meta name=\"robots\" content=\"index, follow, max-snippet:-1, max-image-preview:large, max-video-preview:-1\" \/>\n<link rel=\"canonical\" href=\"https:\/\/antoniruiz.com\/en\/accessibility\/\" \/>\n<meta property=\"og:locale\" content=\"en_US\" \/>\n<meta property=\"og:type\" content=\"article\" \/>\n<meta property=\"og:title\" content=\"Accesibilidad - Antoni Ruiz\" \/>\n<meta property=\"og:description\" content=\"Accede con total accesibilidad a los servicios de Antoni Ruiz en consultor\u00eda, formaci\u00f3n y liderazgo. Descubre c\u00f3mo podemos ayudarte.\" \/>\n<meta property=\"og:url\" content=\"https:\/\/antoniruiz.com\/en\/accessibility\/\" \/>\n<meta property=\"og:site_name\" content=\"Antoni Ruiz\" \/>\n<meta property=\"article:modified_time\" content=\"2026-01-07T16:32:14+00:00\" \/>\n<meta name=\"twitter:card\" content=\"summary_large_image\" \/>\n<meta name=\"twitter:label1\" content=\"Est. reading time\" \/>\n\t<meta name=\"twitter:data1\" content=\"3 minutes\" \/>\n<script type=\"application\/ld+json\" class=\"yoast-schema-graph\">{\"@context\":\"https:\/\/schema.org\",\"@graph\":[{\"@type\":\"WebPage\",\"@id\":\"https:\/\/antoniruiz.com\/en\/accessibility\/\",\"url\":\"https:\/\/antoniruiz.com\/en\/accessibility\/\",\"name\":\"Accesibilidad - Antoni Ruiz\",\"isPartOf\":{\"@id\":\"https:\/\/antoniruiz.com\/en\/#website\"},\"datePublished\":\"2024-08-12T06:49:35+00:00\",\"dateModified\":\"2026-01-07T16:32:14+00:00\",\"description\":\"Accede con total accesibilidad a los servicios de Antoni Ruiz en consultor\u00eda, formaci\u00f3n y liderazgo. Descubre c\u00f3mo podemos ayudarte.\",\"breadcrumb\":{\"@id\":\"https:\/\/antoniruiz.com\/en\/accessibility\/#breadcrumb\"},\"inLanguage\":\"en-US\",\"potentialAction\":[{\"@type\":\"ReadAction\",\"target\":[\"https:\/\/antoniruiz.com\/en\/accessibility\/\"]}]},{\"@type\":\"BreadcrumbList\",\"@id\":\"https:\/\/antoniruiz.com\/en\/accessibility\/#breadcrumb\",\"itemListElement\":[{\"@type\":\"ListItem\",\"position\":1,\"name\":\"Home\",\"item\":\"https:\/\/antoniruiz.com\/en\/\"},{\"@type\":\"ListItem\",\"position\":2,\"name\":\"Accesibilidad\"}]},{\"@type\":\"WebSite\",\"@id\":\"https:\/\/antoniruiz.com\/en\/#website\",\"url\":\"https:\/\/antoniruiz.com\/en\/\",\"name\":\"Antoni Ruiz\",\"description\":\"\",\"publisher\":{\"@id\":\"https:\/\/antoniruiz.com\/en\/#organization\"},\"potentialAction\":[{\"@type\":\"SearchAction\",\"target\":{\"@type\":\"EntryPoint\",\"urlTemplate\":\"https:\/\/antoniruiz.com\/en\/?s={search_term_string}\"},\"query-input\":\"required name=search_term_string\"}],\"inLanguage\":\"en-US\"},{\"@type\":\"Organization\",\"@id\":\"https:\/\/antoniruiz.com\/en\/#organization\",\"name\":\"Antoni Ruiz\",\"url\":\"https:\/\/antoniruiz.com\/en\/\",\"logo\":{\"@type\":\"ImageObject\",\"inLanguage\":\"en-US\",\"@id\":\"https:\/\/antoniruiz.com\/en\/#\/schema\/logo\/image\/\",\"url\":\"https:\/\/antoniruiz.com\/wp-content\/uploads\/2024\/06\/AntoniRuiz_MAIN.png\",\"contentUrl\":\"https:\/\/antoniruiz.com\/wp-content\/uploads\/2024\/06\/AntoniRuiz_MAIN.png\",\"width\":944,\"height\":675,\"caption\":\"Antoni Ruiz\"},\"image\":{\"@id\":\"https:\/\/antoniruiz.com\/en\/#\/schema\/logo\/image\/\"}}]}<\/script>\n<!-- \/ Yoast SEO plugin. -->","yoast_head_json":{"title":"Accesibilidad - Antoni Ruiz","description":"Accede con total accesibilidad a los servicios de Antoni Ruiz en consultor\u00eda, formaci\u00f3n y liderazgo. Descubre c\u00f3mo podemos ayudarte.","robots":{"index":"index","follow":"follow","max-snippet":"max-snippet:-1","max-image-preview":"max-image-preview:large","max-video-preview":"max-video-preview:-1"},"canonical":"https:\/\/antoniruiz.com\/en\/accessibility\/","og_locale":"en_US","og_type":"article","og_title":"Accesibilidad - Antoni Ruiz","og_description":"Accede con total accesibilidad a los servicios de Antoni Ruiz en consultor\u00eda, formaci\u00f3n y liderazgo. Descubre c\u00f3mo podemos ayudarte.","og_url":"https:\/\/antoniruiz.com\/en\/accessibility\/","og_site_name":"Antoni Ruiz","article_modified_time":"2026-01-07T16:32:14+00:00","twitter_card":"summary_large_image","twitter_misc":{"Est. reading time":"3 minutes"},"schema":{"@context":"https:\/\/schema.org","@graph":[{"@type":"WebPage","@id":"https:\/\/antoniruiz.com\/en\/accessibility\/","url":"https:\/\/antoniruiz.com\/en\/accessibility\/","name":"Accesibilidad - Antoni Ruiz","isPartOf":{"@id":"https:\/\/antoniruiz.com\/en\/#website"},"datePublished":"2024-08-12T06:49:35+00:00","dateModified":"2026-01-07T16:32:14+00:00","description":"Accede con total accesibilidad a los servicios de Antoni Ruiz en consultor\u00eda, formaci\u00f3n y liderazgo. Descubre c\u00f3mo podemos ayudarte.","breadcrumb":{"@id":"https:\/\/antoniruiz.com\/en\/accessibility\/#breadcrumb"},"inLanguage":"en-US","potentialAction":[{"@type":"ReadAction","target":["https:\/\/antoniruiz.com\/en\/accessibility\/"]}]},{"@type":"BreadcrumbList","@id":"https:\/\/antoniruiz.com\/en\/accessibility\/#breadcrumb","itemListElement":[{"@type":"ListItem","position":1,"name":"Home","item":"https:\/\/antoniruiz.com\/en\/"},{"@type":"ListItem","position":2,"name":"Accesibilidad"}]},{"@type":"WebSite","@id":"https:\/\/antoniruiz.com\/en\/#website","url":"https:\/\/antoniruiz.com\/en\/","name":"Antoni Ruiz","description":"","publisher":{"@id":"https:\/\/antoniruiz.com\/en\/#organization"},"potentialAction":[{"@type":"SearchAction","target":{"@type":"EntryPoint","urlTemplate":"https:\/\/antoniruiz.com\/en\/?s={search_term_string}"},"query-input":"required name=search_term_string"}],"inLanguage":"en-US"},{"@type":"Organization","@id":"https:\/\/antoniruiz.com\/en\/#organization","name":"Antoni Ruiz","url":"https:\/\/antoniruiz.com\/en\/","logo":{"@type":"ImageObject","inLanguage":"en-US","@id":"https:\/\/antoniruiz.com\/en\/#\/schema\/logo\/image\/","url":"https:\/\/antoniruiz.com\/wp-content\/uploads\/2024\/06\/AntoniRuiz_MAIN.png","contentUrl":"https:\/\/antoniruiz.com\/wp-content\/uploads\/2024\/06\/AntoniRuiz_MAIN.png","width":944,"height":675,"caption":"Antoni Ruiz"},"image":{"@id":"https:\/\/antoniruiz.com\/en\/#\/schema\/logo\/image\/"}}]}},"_links":{"self":[{"href":"https:\/\/antoniruiz.com\/en\/wp-json\/wp\/v2\/pages\/14970","targetHints":{"allow":["GET"]}}],"collection":[{"href":"https:\/\/antoniruiz.com\/en\/wp-json\/wp\/v2\/pages"}],"about":[{"href":"https:\/\/antoniruiz.com\/en\/wp-json\/wp\/v2\/types\/page"}],"author":[{"embeddable":true,"href":"https:\/\/antoniruiz.com\/en\/wp-json\/wp\/v2\/users\/1"}],"replies":[{"embeddable":true,"href":"https:\/\/antoniruiz.com\/en\/wp-json\/wp\/v2\/comments?post=14970"}],"version-history":[{"count":12,"href":"https:\/\/antoniruiz.com\/en\/wp-json\/wp\/v2\/pages\/14970\/revisions"}],"predecessor-version":[{"id":22465,"href":"https:\/\/antoniruiz.com\/en\/wp-json\/wp\/v2\/pages\/14970\/revisions\/22465"}],"wp:attachment":[{"href":"https:\/\/antoniruiz.com\/en\/wp-json\/wp\/v2\/media?parent=14970"}],"curies":[{"name":"wp","href":"https:\/\/api.w.org\/{rel}","templated":true}]}}