{"id":14965,"date":"2024-08-12T06:48:22","date_gmt":"2024-08-12T06:48:22","guid":{"rendered":"https:\/\/antoniruiz.com\/?page_id=14965"},"modified":"2024-08-26T06:51:51","modified_gmt":"2024-08-26T06:51:51","slug":"politica-de-cookies","status":"publish","type":"page","link":"https:\/\/antoniruiz.com\/ca\/politica-de-cookies\/","title":{"rendered":"Pol\u00edtica de Cookies"},"content":{"rendered":"\t\t<div data-elementor-type=\"wp-page\" data-elementor-id=\"14965\" class=\"elementor elementor-14965 elementor-14935\" data-elementor-post-type=\"page\">\n\t\t\t\t<div class=\"elementor-element elementor-element-ac47137 e-flex e-con-boxed e-con e-parent\" data-id=\"ac47137\" data-element_type=\"container\" data-e-type=\"container\">\n\t\t\t\t\t<div class=\"e-con-inner\">\n\t\t\t\t<div class=\"elementor-element elementor-element-729bf95 elementor-widget elementor-widget-heading\" data-id=\"729bf95\" data-element_type=\"widget\" data-e-type=\"widget\" data-widget_type=\"heading.default\">\n\t\t\t\t<div class=\"elementor-widget-container\">\n\t\t\t\t\t<h2 class=\"elementor-heading-title elementor-size-default\">POL\u00cdTICA DE COOKIES<\/h2>\t\t\t\t<\/div>\n\t\t\t\t<\/div>\n\t\t\t\t<div class=\"elementor-element elementor-element-cc88501 elementor-widget elementor-widget-text-editor\" data-id=\"cc88501\" data-element_type=\"widget\" data-e-type=\"widget\" data-widget_type=\"text-editor.default\">\n\t\t\t\t<div class=\"elementor-widget-container\">\n\t\t\t\t\t\t\t\t\t<p>Les cookies s\u00f3n breus informacions que s&#8217;envien i emmagatzemen en el disc dur de l&#8217;ordinador de l&#8217;usuari a trav\u00e9s del seu navegador quan aquest es connecta a una web. Les cookies es poden utilitzar per a recaptar i emmagatzemar dades de l&#8217;usuari mentre est\u00e0 connectat per a facilitar-li els serveis sol\u00b7licitats i que no se solen conservar (Cookies de sessi\u00f3), o per a conservar les dades de l&#8217;usuari per a una altra mena de serveis futurs i que es poden conservar per temps indefinit (Cookies persistents). Les cookies poden ser pr\u00f2pies o de tercers.<\/p><p>Existeixen diversos tipus de cookies:<\/p><ul><li>Cookies t\u00e8cniques que faciliten la navegaci\u00f3 de l&#8217;usuari i la utilitzaci\u00f3 de les diferents opcions o serveis que ofereix la web com identificar la sessi\u00f3, permetre l&#8217;acc\u00e9s a determinades \u00e0rees, facilitar comandes, compres, emplenament de formularis, inscripcions, seguretat, facilitar funcionalitats (v\u00eddeos, xarxes socials\u2026).<\/li><li>Cookies de personalitzaci\u00f3 que permeten a l&#8217;usuari accedir als serveis segons les seves prefer\u00e8ncies (idioma, navegador, configuraci\u00f3\u2026).<\/li><li>Cookies d&#8217;an\u00e0lisis que permeten l&#8217;an\u00e0lisi an\u00f2nima del comportament dels usuaris de la web i que permeten mesurar l&#8217;activitat de l&#8217;usuari i elaborar perfils de navegaci\u00f3 amb la fi objectiva de millorar els llocs web.<\/li><li>Cookies publicit\u00e0ries que permeten la gesti\u00f3 dels espais publicitaris de la web.<\/li><li>Cookies de publicitat personalitzada que permeten la gesti\u00f3 dels espais publicitaris de la web sobre la base del comportament i h\u00e0bits de navegaci\u00f3 d&#8217;usuari, d&#8217;on s&#8217;obt\u00e9 el seu perfil i permeten personalitzar la publicitat que es mostra en el navegador de l&#8217;usuari.<\/li><\/ul><p><strong>ANTONI RUIZ utilitza cookies t\u00e8cniques, de personalitzaci\u00f3 i d&#8217;an\u00e0lisi, pr\u00f2pies i de tercers, que en cap cas tracten dades de car\u00e0cter personal, per\u00f2 capten h\u00e0bits de navegaci\u00f3 per a fins estad\u00edstics.<\/strong><\/p><table><thead><tr><td><strong>Cookie<\/strong><\/td><td><strong>Tipo<\/strong><\/td><td><strong>Duraci\u00f3n<\/strong><\/td><td><strong>Descripci\u00f3n<\/strong><\/td><\/tr><\/thead><tbody><tr><td>_cfduid<\/td><td>T\u00e9cnica propia<\/td><td>30 d\u00edas<\/td><td>Utilitzada per la xarxa de contingut,\u00a0Cloudflare, per a identificar tr\u00e0nsit web de confian\u00e7a<\/td><\/tr><tr><td>_ga<\/td><td>De Terceros (Google Analytics)<\/td><td>2 a\u00f1os<\/td><td>\u00c9s una de les cookies principals establertes pel servei de Google\u00a0Analytics\u00a0que permet als propietaris de llocs web rastrejar el comportament del visitant i mesurar el rendiment del Lloc web. Aquesta\u00a0cookie\u00a0t\u00e9 una durada de 2 anys per defecte i distingeix entre els usuaris i sessions<\/td><\/tr><tr><td>_gat<\/td><td>De Terceros (Google Analytics)<\/td><td>1 minuto<\/td><td>Aquesta\u00a0cookie\u00a0l&#8217;estableix Google\u00a0Analytics\u00a0i la seva finalitat \u00e9s minimitzar la taxa de sol\u00b7licitud del servei, limitant la recollida de dades en els llocs de tr\u00e0nsit alt. Aquesta\u00a0cookie\u00a0t\u00e9 una durada d&#8217;1 minut per defecte.<\/td><\/tr><tr><td>_gid<\/td><td>De Terceros (Google Analytics)<\/td><td>1 d\u00eda<\/td><td>\u00c9s una de les cookies principals establertes pel servei de Google\u00a0Analytics\u00a0que permet als propietaris de llocs web rastrejar el comportament del visitant i mesurar el rendiment del Lloc web. Aquesta\u00a0cookie\u00a0t\u00e9 una durada de 24 hores per defecte i distingeix entre els usuaris i sessions.<\/td><\/tr><tr><td>cookielawinfo-checkbox-necessary<\/td><td>T\u00e9cnica propia<\/td><td>1 a\u00f1o<\/td><td>Cookie\u00a0t\u00e8cnica de funcionament de l&#8217;av\u00eds de cookies. No emmagatzema cap informaci\u00f3 personal.<\/td><\/tr><tr><td>cookielawinfo-checkbox-non-necessary<\/td><td>T\u00e9cnica propia<\/td><td>1 a\u00f1o<\/td><td>Cookie\u00a0t\u00e8cnica de funcionament de l&#8217;av\u00eds de cookies. No emmagatzema cap informaci\u00f3 personal.<\/td><\/tr><tr><td>CookieLawInfoConsent<\/td><td>T\u00e9cnica propia<\/td><td>1 a\u00f1o<\/td><td>Cookie\u00a0t\u00e8cnica de funcionament de l&#8217;av\u00eds de cookies. No emmagatzema cap informaci\u00f3 personal.<\/td><\/tr><tr><td>pll_language<\/td><td>T\u00e9cnica propia<\/td><td>1 a\u00f1o<\/td><td>Cookie\u00a0t\u00e8cnica de funcionament de l&#8217;av\u00eds de cookies. No emmagatzema cap informaci\u00f3 personal.<\/td><\/tr><\/tbody><\/table><p>De totes maneres, l&#8217;informem que pot activar o desactivar aquestes cookies seguint les instruccions del seu navegador d&#8217;Internet:<\/p><ul><li>Chrome: Configuraci\u00f3 -&gt; Mostrar opcions avan\u00e7ades -&gt; Privacitat -&gt; Configuraci\u00f3 de contingut.<\/li><li>Firefox: Eines -&gt; Opcions -&gt; Privacitat -&gt; Historial -&gt; Configuraci\u00f3 Personalitzada.<\/li><li>nternet Explorer: Eines -&gt; Opcions d&#8217;Internet -&gt; Privacitat -&gt; Configuraci\u00f3.<\/li><li>Safari: Prefer\u00e8ncies -&gt; Seguretat.<\/li><li>Opera: Eines -&gt; Prefer\u00e8ncies -&gt; Editar prefer\u00e8ncies &gt; Cookies.<\/li><li>Edge: Configuraci\u00f3 -&gt; Veure configuraci\u00f3 avan\u00e7ada -&gt; Privacitat i serveis -&gt; Cookies.<\/li><\/ul><p>Per a m\u00e9s informaci\u00f3, pot consultar en l&#8217;Ajuda del seu navegador o en les p\u00e0gines de suport d&#8217;aquests:<\/p><ul><li>Chrome: support.google.com<\/li><li>FireFox: support.mozilla.org<\/li><li>Internet Explorer: windows.microsoft.com<\/li><li>Safari:\u00a0<a href=\"http:\/\/www.apple.com\/\" rel=\"nofollow\">http:\/\/www.apple.com<\/a><\/li><li>Opera:\u00a0<a href=\"http:\/\/www.opera.com\/help\/tutorials\/security\/cookies\/\" rel=\"nofollow\">http:\/\/www.opera.com\/help\/tutorials\/security\/cookies\/<\/a><\/li><li>Edge:\u00a0<a href=\"https:\/\/privacy.microsoft.com\/es-es\/windows-10-microsoft-edge-and-privacy\" rel=\"nofollow\">https:\/\/privacy.microsoft.com\/es-es\/windows-10-microsoft-edge-and-privacy<\/a><\/li><\/ul>\t\t\t\t\t\t\t\t<\/div>\n\t\t\t\t<\/div>\n\t\t\t\t\t<\/div>\n\t\t\t\t<\/div>\n\t\t\t\t<\/div>\n\t\t","protected":false},"excerpt":{"rendered":"<p>POL\u00cdTICA DE COOKIES Les cookies s\u00f3n breus informacions que s&#8217;envien i emmagatzemen en el disc dur de l&#8217;ordinador de l&#8217;usuari [&hellip;]<\/p>\n","protected":false},"author":1,"featured_media":0,"parent":0,"menu_order":0,"comment_status":"closed","ping_status":"closed","template":"","meta":{"_acf_changed":false,"site-sidebar-layout":"no-sidebar","site-content-layout":"","ast-site-content-layout":"full-width-container","site-content-style":"default","site-sidebar-style":"default","ast-global-header-display":"","ast-banner-title-visibility":"","ast-main-header-display":"","ast-hfb-above-header-display":"","ast-hfb-below-header-display":"","ast-hfb-mobile-header-display":"","site-post-title":"disabled","ast-breadcrumbs-content":"","ast-featured-img":"disabled","footer-sml-layout":"","ast-disable-related-posts":"","theme-transparent-header-meta":"","adv-header-id-meta":"","stick-header-meta":"","header-above-stick-meta":"","header-main-stick-meta":"","header-below-stick-meta":"","astra-migrate-meta-layouts":"default","ast-page-background-enabled":"default","ast-page-background-meta":{"desktop":{"background-color":"var(--ast-global-color-4)","background-image":"","background-repeat":"repeat","background-position":"center center","background-size":"auto","background-attachment":"scroll","background-type":"","background-media":"","overlay-type":"","overlay-color":"","overlay-opacity":"","overlay-gradient":""},"tablet":{"background-color":"","background-image":"","background-repeat":"repeat","background-position":"center center","background-size":"auto","background-attachment":"scroll","background-type":"","background-media":"","overlay-type":"","overlay-color":"","overlay-opacity":"","overlay-gradient":""},"mobile":{"background-color":"","background-image":"","background-repeat":"repeat","background-position":"center center","background-size":"auto","background-attachment":"scroll","background-type":"","background-media":"","overlay-type":"","overlay-color":"","overlay-opacity":"","overlay-gradient":""}},"ast-content-background-meta":{"desktop":{"background-color":"var(--ast-global-color-5)","background-image":"","background-repeat":"repeat","background-position":"center center","background-size":"auto","background-attachment":"scroll","background-type":"","background-media":"","overlay-type":"","overlay-color":"","overlay-opacity":"","overlay-gradient":""},"tablet":{"background-color":"var(--ast-global-color-5)","background-image":"","background-repeat":"repeat","background-position":"center center","background-size":"auto","background-attachment":"scroll","background-type":"","background-media":"","overlay-type":"","overlay-color":"","overlay-opacity":"","overlay-gradient":""},"mobile":{"background-color":"var(--ast-global-color-5)","background-image":"","background-repeat":"repeat","background-position":"center center","background-size":"auto","background-attachment":"scroll","background-type":"","background-media":"","overlay-type":"","overlay-color":"","overlay-opacity":"","overlay-gradient":""}},"footnotes":""},"class_list":["post-14965","page","type-page","status-publish","hentry"],"acf":[],"yoast_head":"<!-- This site is optimized with the Yoast SEO plugin v23.2 - https:\/\/yoast.com\/wordpress\/plugins\/seo\/ -->\n<title>Pol\u00edtica de Cookies - Antoni Ruiz<\/title>\n<meta name=\"robots\" content=\"index, follow, max-snippet:-1, max-image-preview:large, max-video-preview:-1\" \/>\n<link rel=\"canonical\" href=\"https:\/\/antoniruiz.com\/ca\/politica-de-cookies\/\" \/>\n<meta property=\"og:locale\" content=\"ca_ES\" \/>\n<meta property=\"og:type\" content=\"article\" \/>\n<meta property=\"og:title\" content=\"Pol\u00edtica de Cookies - Antoni Ruiz\" \/>\n<meta property=\"og:description\" content=\"POL\u00cdTICA DE COOKIES Les cookies s\u00f3n breus informacions que s&#8217;envien i emmagatzemen en el disc dur de l&#8217;ordinador de l&#8217;usuari [&hellip;]\" \/>\n<meta property=\"og:url\" content=\"https:\/\/antoniruiz.com\/ca\/politica-de-cookies\/\" \/>\n<meta property=\"og:site_name\" content=\"Antoni Ruiz\" \/>\n<meta property=\"article:modified_time\" content=\"2024-08-26T06:51:51+00:00\" \/>\n<meta name=\"twitter:card\" content=\"summary_large_image\" \/>\n<meta name=\"twitter:label1\" content=\"Temps estimat de lectura\" \/>\n\t<meta name=\"twitter:data1\" content=\"4 minuts\" \/>\n<script type=\"application\/ld+json\" class=\"yoast-schema-graph\">{\"@context\":\"https:\/\/schema.org\",\"@graph\":[{\"@type\":\"WebPage\",\"@id\":\"https:\/\/antoniruiz.com\/ca\/politica-de-cookies\/\",\"url\":\"https:\/\/antoniruiz.com\/ca\/politica-de-cookies\/\",\"name\":\"Pol\u00edtica de Cookies - Antoni Ruiz\",\"isPartOf\":{\"@id\":\"https:\/\/antoniruiz.com\/ca\/#website\"},\"datePublished\":\"2024-08-12T06:48:22+00:00\",\"dateModified\":\"2024-08-26T06:51:51+00:00\",\"breadcrumb\":{\"@id\":\"https:\/\/antoniruiz.com\/ca\/politica-de-cookies\/#breadcrumb\"},\"inLanguage\":\"ca\",\"potentialAction\":[{\"@type\":\"ReadAction\",\"target\":[\"https:\/\/antoniruiz.com\/ca\/politica-de-cookies\/\"]}]},{\"@type\":\"BreadcrumbList\",\"@id\":\"https:\/\/antoniruiz.com\/ca\/politica-de-cookies\/#breadcrumb\",\"itemListElement\":[{\"@type\":\"ListItem\",\"position\":1,\"name\":\"Home\",\"item\":\"https:\/\/antoniruiz.com\/ca\/\"},{\"@type\":\"ListItem\",\"position\":2,\"name\":\"Pol\u00edtica de Cookies\"}]},{\"@type\":\"WebSite\",\"@id\":\"https:\/\/antoniruiz.com\/ca\/#website\",\"url\":\"https:\/\/antoniruiz.com\/ca\/\",\"name\":\"Antoni Ruiz\",\"description\":\"\",\"publisher\":{\"@id\":\"https:\/\/antoniruiz.com\/ca\/#organization\"},\"potentialAction\":[{\"@type\":\"SearchAction\",\"target\":{\"@type\":\"EntryPoint\",\"urlTemplate\":\"https:\/\/antoniruiz.com\/ca\/?s={search_term_string}\"},\"query-input\":\"required name=search_term_string\"}],\"inLanguage\":\"ca\"},{\"@type\":\"Organization\",\"@id\":\"https:\/\/antoniruiz.com\/ca\/#organization\",\"name\":\"Antoni Ruiz\",\"url\":\"https:\/\/antoniruiz.com\/ca\/\",\"logo\":{\"@type\":\"ImageObject\",\"inLanguage\":\"ca\",\"@id\":\"https:\/\/antoniruiz.com\/ca\/#\/schema\/logo\/image\/\",\"url\":\"https:\/\/antoniruiz.com\/wp-content\/uploads\/2024\/06\/AntoniRuiz_MAIN.png\",\"contentUrl\":\"https:\/\/antoniruiz.com\/wp-content\/uploads\/2024\/06\/AntoniRuiz_MAIN.png\",\"width\":944,\"height\":675,\"caption\":\"Antoni Ruiz\"},\"image\":{\"@id\":\"https:\/\/antoniruiz.com\/ca\/#\/schema\/logo\/image\/\"}}]}<\/script>\n<!-- \/ Yoast SEO plugin. -->","yoast_head_json":{"title":"Pol\u00edtica de Cookies - Antoni Ruiz","robots":{"index":"index","follow":"follow","max-snippet":"max-snippet:-1","max-image-preview":"max-image-preview:large","max-video-preview":"max-video-preview:-1"},"canonical":"https:\/\/antoniruiz.com\/ca\/politica-de-cookies\/","og_locale":"ca_ES","og_type":"article","og_title":"Pol\u00edtica de Cookies - Antoni Ruiz","og_description":"POL\u00cdTICA DE COOKIES Les cookies s\u00f3n breus informacions que s&#8217;envien i emmagatzemen en el disc dur de l&#8217;ordinador de l&#8217;usuari [&hellip;]","og_url":"https:\/\/antoniruiz.com\/ca\/politica-de-cookies\/","og_site_name":"Antoni Ruiz","article_modified_time":"2024-08-26T06:51:51+00:00","twitter_card":"summary_large_image","twitter_misc":{"Temps estimat de lectura":"4 minuts"},"schema":{"@context":"https:\/\/schema.org","@graph":[{"@type":"WebPage","@id":"https:\/\/antoniruiz.com\/ca\/politica-de-cookies\/","url":"https:\/\/antoniruiz.com\/ca\/politica-de-cookies\/","name":"Pol\u00edtica de Cookies - Antoni Ruiz","isPartOf":{"@id":"https:\/\/antoniruiz.com\/ca\/#website"},"datePublished":"2024-08-12T06:48:22+00:00","dateModified":"2024-08-26T06:51:51+00:00","breadcrumb":{"@id":"https:\/\/antoniruiz.com\/ca\/politica-de-cookies\/#breadcrumb"},"inLanguage":"ca","potentialAction":[{"@type":"ReadAction","target":["https:\/\/antoniruiz.com\/ca\/politica-de-cookies\/"]}]},{"@type":"BreadcrumbList","@id":"https:\/\/antoniruiz.com\/ca\/politica-de-cookies\/#breadcrumb","itemListElement":[{"@type":"ListItem","position":1,"name":"Home","item":"https:\/\/antoniruiz.com\/ca\/"},{"@type":"ListItem","position":2,"name":"Pol\u00edtica de Cookies"}]},{"@type":"WebSite","@id":"https:\/\/antoniruiz.com\/ca\/#website","url":"https:\/\/antoniruiz.com\/ca\/","name":"Antoni Ruiz","description":"","publisher":{"@id":"https:\/\/antoniruiz.com\/ca\/#organization"},"potentialAction":[{"@type":"SearchAction","target":{"@type":"EntryPoint","urlTemplate":"https:\/\/antoniruiz.com\/ca\/?s={search_term_string}"},"query-input":"required name=search_term_string"}],"inLanguage":"ca"},{"@type":"Organization","@id":"https:\/\/antoniruiz.com\/ca\/#organization","name":"Antoni Ruiz","url":"https:\/\/antoniruiz.com\/ca\/","logo":{"@type":"ImageObject","inLanguage":"ca","@id":"https:\/\/antoniruiz.com\/ca\/#\/schema\/logo\/image\/","url":"https:\/\/antoniruiz.com\/wp-content\/uploads\/2024\/06\/AntoniRuiz_MAIN.png","contentUrl":"https:\/\/antoniruiz.com\/wp-content\/uploads\/2024\/06\/AntoniRuiz_MAIN.png","width":944,"height":675,"caption":"Antoni Ruiz"},"image":{"@id":"https:\/\/antoniruiz.com\/ca\/#\/schema\/logo\/image\/"}}]}},"_links":{"self":[{"href":"https:\/\/antoniruiz.com\/ca\/wp-json\/wp\/v2\/pages\/14965","targetHints":{"allow":["GET"]}}],"collection":[{"href":"https:\/\/antoniruiz.com\/ca\/wp-json\/wp\/v2\/pages"}],"about":[{"href":"https:\/\/antoniruiz.com\/ca\/wp-json\/wp\/v2\/types\/page"}],"author":[{"embeddable":true,"href":"https:\/\/antoniruiz.com\/ca\/wp-json\/wp\/v2\/users\/1"}],"replies":[{"embeddable":true,"href":"https:\/\/antoniruiz.com\/ca\/wp-json\/wp\/v2\/comments?post=14965"}],"version-history":[{"count":10,"href":"https:\/\/antoniruiz.com\/ca\/wp-json\/wp\/v2\/pages\/14965\/revisions"}],"predecessor-version":[{"id":16894,"href":"https:\/\/antoniruiz.com\/ca\/wp-json\/wp\/v2\/pages\/14965\/revisions\/16894"}],"wp:attachment":[{"href":"https:\/\/antoniruiz.com\/ca\/wp-json\/wp\/v2\/media?parent=14965"}],"curies":[{"name":"wp","href":"https:\/\/api.w.org\/{rel}","templated":true}]}}