{"id":14955,"date":"2024-08-12T06:45:26","date_gmt":"2024-08-12T06:45:26","guid":{"rendered":"https:\/\/antoniruiz.com\/?page_id=14955"},"modified":"2024-08-23T12:54:45","modified_gmt":"2024-08-23T12:54:45","slug":"politica-de-privacitat","status":"publish","type":"page","link":"https:\/\/antoniruiz.com\/ca\/politica-de-privacitat\/","title":{"rendered":"Pol\u00edtica de Privacitat"},"content":{"rendered":"\t\t<div data-elementor-type=\"wp-page\" data-elementor-id=\"14955\" class=\"elementor elementor-14955 elementor-14909\" data-elementor-post-type=\"page\">\n\t\t\t\t<div class=\"elementor-element elementor-element-2e195c4 e-flex e-con-boxed e-con e-parent\" data-id=\"2e195c4\" data-element_type=\"container\" data-e-type=\"container\">\n\t\t\t\t\t<div class=\"e-con-inner\">\n\t\t\t\t<div class=\"elementor-element elementor-element-234a919 elementor-widget elementor-widget-heading\" data-id=\"234a919\" data-element_type=\"widget\" data-e-type=\"widget\" data-widget_type=\"heading.default\">\n\t\t\t\t<div class=\"elementor-widget-container\">\n\t\t\t\t\t<h2 class=\"elementor-heading-title elementor-size-default\">POL\u00cdTICA DE PRIVACITAT<\/h2>\t\t\t\t<\/div>\n\t\t\t\t<\/div>\n\t\t\t\t<div class=\"elementor-element elementor-element-3a0b3a0 elementor-widget elementor-widget-text-editor\" data-id=\"3a0b3a0\" data-element_type=\"widget\" data-e-type=\"widget\" data-widget_type=\"text-editor.default\">\n\t\t\t\t<div class=\"elementor-widget-container\">\n\t\t\t\t\t\t\t\t\t<p>La confidencialitat i la seguretat s\u00f3n valors primordials d&#8217;ANTONI RUIZ i, en conseq\u00fc\u00e8ncia, assumim el comprom\u00eds de garantir la privadesa de l&#8217;Usuari en tot moment i de no demanar informaci\u00f3 innecess\u00e0ria. A continuaci\u00f3, us proporcionem tota la informaci\u00f3 necess\u00e0ria sobre la nostra Pol\u00edtica de Privadesa en relaci\u00f3 amb les dades personals que recaptem, explicant-vos<\/p><ul><li>Qui \u00e9s el responsable del tractament de les vostres dades.<\/li><li>Per a quines finalitats demanem les dades que us sol\u00b7licitem.<\/li><li>Quina \u00e9s la legitimaci\u00f3 per al tractament.<\/li><li>Durant quant de temps els conservem.<\/li><li>A quins destinataris es comuniquen les vostres dades.<\/li><li>Quins s\u00f3n els vostres drets.<\/li><\/ul>\t\t\t\t\t\t\t\t<\/div>\n\t\t\t\t<\/div>\n\t\t\t\t<div class=\"elementor-element elementor-element-e7cad59 elementor-widget elementor-widget-heading\" data-id=\"e7cad59\" data-element_type=\"widget\" data-e-type=\"widget\" data-widget_type=\"heading.default\">\n\t\t\t\t<div class=\"elementor-widget-container\">\n\t\t\t\t\t<h2 class=\"elementor-heading-title elementor-size-default\">1. Responsable:<\/h2>\t\t\t\t<\/div>\n\t\t\t\t<\/div>\n\t\t\t\t<div class=\"elementor-element elementor-element-9f9b8a8 elementor-widget elementor-widget-text-editor\" data-id=\"9f9b8a8\" data-element_type=\"widget\" data-e-type=\"widget\" data-widget_type=\"text-editor.default\">\n\t\t\t\t<div class=\"elementor-widget-container\">\n\t\t\t\t\t\t\t\t\t<p>LEARN2PF,S.L. (ANTONI RUIZ)<br \/>e-mail:antoniruiz@atoniruiz.com<\/p>\t\t\t\t\t\t\t\t<\/div>\n\t\t\t\t<\/div>\n\t\t\t\t<div class=\"elementor-element elementor-element-4774887 elementor-widget elementor-widget-heading\" data-id=\"4774887\" data-element_type=\"widget\" data-e-type=\"widget\" data-widget_type=\"heading.default\">\n\t\t\t\t<div class=\"elementor-widget-container\">\n\t\t\t\t\t<h2 class=\"elementor-heading-title elementor-size-default\">2. Finalitats, legitimaci\u00f3 i conservaci\u00f3 dels tractaments de les dades enviades a trav\u00e9s de:<\/h2>\t\t\t\t<\/div>\n\t\t\t\t<\/div>\n\t\t\t\t<div class=\"elementor-element elementor-element-d7b4f81 elementor-widget elementor-widget-text-editor\" data-id=\"d7b4f81\" data-element_type=\"widget\" data-e-type=\"widget\" data-widget_type=\"text-editor.default\">\n\t\t\t\t<div class=\"elementor-widget-container\">\n\t\t\t\t\t\t\t\t\t<p>FORMULARI DE CONTACTE.<\/p><p>Finalitat: Facilitar-li un mitj\u00e0 perqu\u00e8 pugui posar-se en contacte amb nosaltres i contestar les seves sol\u00b7licituds d&#8217;informaci\u00f3, aix\u00ed com enviar comunicacions dels nostres productes, serveis i activitats, inclusivament per mitjans electr\u00f2nics (Correu electr\u00f2nic, SMS, WhatsApp), si marca la casella d&#8217;acceptaci\u00f3.<\/p><p>Legitimaci\u00f3: El consentiment de l&#8217;usuari en sol\u00b7licitar-nos informaci\u00f3 a trav\u00e9s del nostre formulari de contactes i marcar la casella d&#8217;acceptaci\u00f3 d&#8217;enviament d&#8217;informaci\u00f3.<\/p><p>Conservaci\u00f3: Un cop resulta la vostra sol\u00b7licitud per mitj\u00e0 del nostre formulari o contestada per correu electr\u00f2nic, si no heu generat un nou tractament, i en cas d&#8217;haver acceptat rebre enviaments comercials, fins que sol\u00b7liciti la baixa dels mateixos.<\/p><p>ENVIAMENT DE CORREUS ELECTR\u00d2NICS.<\/p><p>Finalitat: Contestar les vostres sol\u00b7licituds d&#8217;informaci\u00f3, atendre les vostres peticions i respondre les vostres consultes o dubtes.<\/p><p>Legitimaci\u00f3: El consentiment de l&#8217;usuari en sol\u00b7licitar-nos informaci\u00f3 a trav\u00e9s de l&#8217;adre\u00e7a electr\u00f2nica.<\/p><p>Conservaci\u00f3: Un cop resulta contestada la vostra petici\u00f3 per correu electr\u00f2nic, si no heu generat un nou tractament.<\/p><p>Obligaci\u00f3 de facilitar-nos les vostres dades personals i conseq\u00fc\u00e8ncies de no fer-ho.<\/p><p>El subministrament de dades personals requereix una edat m\u00ednima de 14 anys, o si escau, disposar de capacitat jur\u00eddica suficient per contractar.<\/p><p>Les dades personals sol\u00b7licitades s\u00f3n necess\u00e0ries per gestionar les seves sol\u00b7licituds i\/o prestar-li els serveis que pugui contractar, per la qual cosa, si no ens les facilita, no podrem atendre&#8217;l correctament ni prestar-li el servei que ha sol\u00b7licitat.<\/p>\t\t\t\t\t\t\t\t<\/div>\n\t\t\t\t<\/div>\n\t\t\t\t<div class=\"elementor-element elementor-element-5857d79 elementor-widget elementor-widget-heading\" data-id=\"5857d79\" data-element_type=\"widget\" data-e-type=\"widget\" data-widget_type=\"heading.default\">\n\t\t\t\t<div class=\"elementor-widget-container\">\n\t\t\t\t\t<h2 class=\"elementor-heading-title elementor-size-default\">3. Destinataris de les vostres dades<\/h2>\t\t\t\t<\/div>\n\t\t\t\t<\/div>\n\t\t\t\t<div class=\"elementor-element elementor-element-56cb31b elementor-widget elementor-widget-text-editor\" data-id=\"56cb31b\" data-element_type=\"widget\" data-e-type=\"widget\" data-widget_type=\"text-editor.default\">\n\t\t\t\t<div class=\"elementor-widget-container\">\n\t\t\t\t\t\t\t\t\t<p>Les vostres dades s\u00f3n confidencials i no se cediran a tercers, llevat que hi hagi obligaci\u00f3 legal.<\/p>\t\t\t\t\t\t\t\t<\/div>\n\t\t\t\t<\/div>\n\t\t\t\t<div class=\"elementor-element elementor-element-81612f1 elementor-widget elementor-widget-heading\" data-id=\"81612f1\" data-element_type=\"widget\" data-e-type=\"widget\" data-widget_type=\"heading.default\">\n\t\t\t\t<div class=\"elementor-widget-container\">\n\t\t\t\t\t<h2 class=\"elementor-heading-title elementor-size-default\">4. Drets en relaci\u00f3 amb les vostres dades personals<\/h2>\t\t\t\t<\/div>\n\t\t\t\t<\/div>\n\t\t\t\t<div class=\"elementor-element elementor-element-4d9f913 elementor-widget elementor-widget-text-editor\" data-id=\"4d9f913\" data-element_type=\"widget\" data-e-type=\"widget\" data-widget_type=\"text-editor.default\">\n\t\t\t\t<div class=\"elementor-widget-container\">\n\t\t\t\t\t\t\t\t\t<p>Qualsevol persona pot retirar el seu consentiment en qualsevol moment, quan aquest s&#8217;hagi atorgat per al tractament de les dades. En cap cas, la retirada d\u2019aquest consentiment condiciona l\u2019execuci\u00f3 del contracte de subscripci\u00f3 o les relacions generades amb anterioritat.<\/p><p>Igualment, pot exercir els drets seg\u00fcents:<\/p><ul><li>Sol\u00b7licitar l&#8217;acc\u00e9s a les vostres dades personals o la seva rectificaci\u00f3 quan siguin inexactes.<\/li><li>Sol\u00b7licitar-ne la supressi\u00f3 quan, entre altres motius, les dades ja no siguin necess\u00e0ries per als fins per als quals van ser recollides.<\/li><li>Sol\u00b7licitar la limitaci\u00f3 del tractament en determinades circumst\u00e0ncies.<\/li><li>Sol\u00b7licitar l&#8217;oposici\u00f3 al tractament de les vostres dades per motius relacionats amb la vostra situaci\u00f3 particular.<\/li><li>Sol\u00b7licitar la portabilitat de les dades en els casos previstos a la normativa.<\/li><li>Altres drets reconeguts a les normatives aplicables.<\/li><\/ul><p>On i com sol\u00b7licitar els seus Drets: Mitjan\u00e7ant un escrit dirigit al responsable a la seva adre\u00e7a postal o electr\u00f2nica (indicades a l&#8217;apartat A), indicant la refer\u00e8ncia \u201cDades Personals\u201d, especificant el dret que es vol exercir i respecte a quines dades personals.<\/p><p>En cas de diverg\u00e8ncies amb l&#8217;empresa en relaci\u00f3 amb el tractament de les vostres dades, podeu presentar una reclamaci\u00f3 davant l&#8217;Autoritat de Protecci\u00f3 de Dades (www.agpd.es).<\/p>\t\t\t\t\t\t\t\t<\/div>\n\t\t\t\t<\/div>\n\t\t\t\t<div class=\"elementor-element elementor-element-0af5918 elementor-widget elementor-widget-heading\" data-id=\"0af5918\" data-element_type=\"widget\" data-e-type=\"widget\" data-widget_type=\"heading.default\">\n\t\t\t\t<div class=\"elementor-widget-container\">\n\t\t\t\t\t<h2 class=\"elementor-heading-title elementor-size-default\">5. Cookies<\/h2>\t\t\t\t<\/div>\n\t\t\t\t<\/div>\n\t\t\t\t<div class=\"elementor-element elementor-element-f1e33f6 elementor-widget elementor-widget-text-editor\" data-id=\"f1e33f6\" data-element_type=\"widget\" data-e-type=\"widget\" data-widget_type=\"text-editor.default\">\n\t\t\t\t<div class=\"elementor-widget-container\">\n\t\t\t\t\t\t\t\t\t<p>Aquesta p\u00e0gina web \u00fanicament utilitza cookies t\u00e8cniques, de personalitzaci\u00f3 i an\u00e0lisi, pr\u00f2pies i de tercers (Google Analytics), que en cap cas tracten dades de car\u00e0cter personal ni capten h\u00e0bits de navegaci\u00f3 per a fins publicitaris.<\/p><p>Per aix\u00f2, en accedir a la nostra web, en compliment de l&#8217;article 22 de la Llei de Serveis de la Societat de la Informaci\u00f3, en tractar cookies d&#8217;an\u00e0lisi, us hem sol\u00b7licitat el vostre consentiment per al seu \u00fas i facilitat informaci\u00f3 d&#8217;aquestes, que en tot cas s\u2019instal\u00b7laran passat un termini de temps prudencial perqu\u00e8 l\u2019usuari tingui temps de decidir prestar el seu consentiment o no.<\/p>\t\t\t\t\t\t\t\t<\/div>\n\t\t\t\t<\/div>\n\t\t\t\t<div class=\"elementor-element elementor-element-b0d3b49 elementor-widget elementor-widget-heading\" data-id=\"b0d3b49\" data-element_type=\"widget\" data-e-type=\"widget\" data-widget_type=\"heading.default\">\n\t\t\t\t<div class=\"elementor-widget-container\">\n\t\t\t\t\t<h2 class=\"elementor-heading-title elementor-size-default\">6. Seguretat de les vostres dades personals<\/h2>\t\t\t\t<\/div>\n\t\t\t\t<\/div>\n\t\t\t\t<div class=\"elementor-element elementor-element-a1ad35c elementor-widget elementor-widget-text-editor\" data-id=\"a1ad35c\" data-element_type=\"widget\" data-e-type=\"widget\" data-widget_type=\"text-editor.default\">\n\t\t\t\t<div class=\"elementor-widget-container\">\n\t\t\t\t\t\t\t\t\t<p>Amb l&#8217;objectiu de salvaguardar la seguretat de les vostres dades personals, us informem que hem adoptat totes les mesures d&#8217;\u00edndole t\u00e8cnica i organitzativa necess\u00e0ries per garantir la seguretat de les dades personals subministrades de la vostra alteraci\u00f3, p\u00e8rdua, i tractaments o accessos no autoritzats.<\/p>\t\t\t\t\t\t\t\t<\/div>\n\t\t\t\t<\/div>\n\t\t\t\t<div class=\"elementor-element elementor-element-3947265 elementor-widget elementor-widget-heading\" data-id=\"3947265\" data-element_type=\"widget\" data-e-type=\"widget\" data-widget_type=\"heading.default\">\n\t\t\t\t<div class=\"elementor-widget-container\">\n\t\t\t\t\t<h2 class=\"elementor-heading-title elementor-size-default\">7. Actualitzaci\u00f3 de les vostres dades<\/h2>\t\t\t\t<\/div>\n\t\t\t\t<\/div>\n\t\t\t\t<div class=\"elementor-element elementor-element-c12a70b elementor-widget elementor-widget-text-editor\" data-id=\"c12a70b\" data-element_type=\"widget\" data-e-type=\"widget\" data-widget_type=\"text-editor.default\">\n\t\t\t\t<div class=\"elementor-widget-container\">\n\t\t\t\t\t\t\t\t\t<p>\u00c9s important que perqu\u00e8 puguem mantenir les seves dades personals actualitzades, ens informi sempre que hi hagi hagut alguna modificaci\u00f3, en cas contrari, no responem de la seva veracitat.<\/p><p>No ens fem responsables de la pol\u00edtica de privadesa respecte a les dades personals que pugui facilitar a tercers per mitj\u00e0 dels enlla\u00e7os disponibles a la nostra p\u00e0gina web.<\/p><p>Aquesta Pol\u00edtica de Privadesa pot ser modificada per adaptar-les als canvis que es produeixi a la nostra web, aix\u00ed com modificacions legislatives o jurisprudencials sobre dades personals que vagin apareixent, per la qual cosa exigeix \u200b\u200bla seva lectura, cada vegada que ens faciliti les seves dades a trav\u00e9s de aquesta Web.<\/p>\t\t\t\t\t\t\t\t<\/div>\n\t\t\t\t<\/div>\n\t\t\t\t\t<\/div>\n\t\t\t\t<\/div>\n\t\t\t\t<\/div>\n\t\t","protected":false},"excerpt":{"rendered":"<p>POL\u00cdTICA DE PRIVACITAT La confidencialitat i la seguretat s\u00f3n valors primordials d&#8217;ANTONI RUIZ i, en conseq\u00fc\u00e8ncia, assumim el comprom\u00eds de [&hellip;]<\/p>\n","protected":false},"author":1,"featured_media":0,"parent":0,"menu_order":0,"comment_status":"closed","ping_status":"closed","template":"","meta":{"_acf_changed":false,"site-sidebar-layout":"no-sidebar","site-content-layout":"","ast-site-content-layout":"full-width-container","site-content-style":"default","site-sidebar-style":"default","ast-global-header-display":"","ast-banner-title-visibility":"","ast-main-header-display":"","ast-hfb-above-header-display":"","ast-hfb-below-header-display":"","ast-hfb-mobile-header-display":"","site-post-title":"disabled","ast-breadcrumbs-content":"","ast-featured-img":"disabled","footer-sml-layout":"","ast-disable-related-posts":"","theme-transparent-header-meta":"","adv-header-id-meta":"","stick-header-meta":"","header-above-stick-meta":"","header-main-stick-meta":"","header-below-stick-meta":"","astra-migrate-meta-layouts":"default","ast-page-background-enabled":"default","ast-page-background-meta":{"desktop":{"background-color":"var(--ast-global-color-4)","background-image":"","background-repeat":"repeat","background-position":"center center","background-size":"auto","background-attachment":"scroll","background-type":"","background-media":"","overlay-type":"","overlay-color":"","overlay-opacity":"","overlay-gradient":""},"tablet":{"background-color":"","background-image":"","background-repeat":"repeat","background-position":"center center","background-size":"auto","background-attachment":"scroll","background-type":"","background-media":"","overlay-type":"","overlay-color":"","overlay-opacity":"","overlay-gradient":""},"mobile":{"background-color":"","background-image":"","background-repeat":"repeat","background-position":"center center","background-size":"auto","background-attachment":"scroll","background-type":"","background-media":"","overlay-type":"","overlay-color":"","overlay-opacity":"","overlay-gradient":""}},"ast-content-background-meta":{"desktop":{"background-color":"var(--ast-global-color-5)","background-image":"","background-repeat":"repeat","background-position":"center center","background-size":"auto","background-attachment":"scroll","background-type":"","background-media":"","overlay-type":"","overlay-color":"","overlay-opacity":"","overlay-gradient":""},"tablet":{"background-color":"var(--ast-global-color-5)","background-image":"","background-repeat":"repeat","background-position":"center center","background-size":"auto","background-attachment":"scroll","background-type":"","background-media":"","overlay-type":"","overlay-color":"","overlay-opacity":"","overlay-gradient":""},"mobile":{"background-color":"var(--ast-global-color-5)","background-image":"","background-repeat":"repeat","background-position":"center center","background-size":"auto","background-attachment":"scroll","background-type":"","background-media":"","overlay-type":"","overlay-color":"","overlay-opacity":"","overlay-gradient":""}},"footnotes":""},"class_list":["post-14955","page","type-page","status-publish","hentry"],"acf":[],"yoast_head":"<!-- This site is optimized with the Yoast SEO plugin v23.2 - https:\/\/yoast.com\/wordpress\/plugins\/seo\/ -->\n<title>Pol\u00edtica de Privacitat - Antoni Ruiz<\/title>\n<meta name=\"robots\" content=\"index, follow, max-snippet:-1, max-image-preview:large, max-video-preview:-1\" \/>\n<link rel=\"canonical\" href=\"https:\/\/antoniruiz.com\/ca\/politica-de-privacitat\/\" \/>\n<meta property=\"og:locale\" content=\"ca_ES\" \/>\n<meta property=\"og:type\" content=\"article\" \/>\n<meta property=\"og:title\" content=\"Pol\u00edtica de Privacitat - Antoni Ruiz\" \/>\n<meta property=\"og:description\" content=\"POL\u00cdTICA DE PRIVACITAT La confidencialitat i la seguretat s\u00f3n valors primordials d&#8217;ANTONI RUIZ i, en conseq\u00fc\u00e8ncia, assumim el comprom\u00eds de [&hellip;]\" \/>\n<meta property=\"og:url\" content=\"https:\/\/antoniruiz.com\/ca\/politica-de-privacitat\/\" \/>\n<meta property=\"og:site_name\" content=\"Antoni Ruiz\" \/>\n<meta property=\"article:modified_time\" content=\"2024-08-23T12:54:45+00:00\" \/>\n<meta name=\"twitter:card\" content=\"summary_large_image\" \/>\n<meta name=\"twitter:label1\" content=\"Temps estimat de lectura\" \/>\n\t<meta name=\"twitter:data1\" content=\"5 minuts\" \/>\n<script type=\"application\/ld+json\" class=\"yoast-schema-graph\">{\"@context\":\"https:\/\/schema.org\",\"@graph\":[{\"@type\":\"WebPage\",\"@id\":\"https:\/\/antoniruiz.com\/ca\/politica-de-privacitat\/\",\"url\":\"https:\/\/antoniruiz.com\/ca\/politica-de-privacitat\/\",\"name\":\"Pol\u00edtica de Privacitat - Antoni Ruiz\",\"isPartOf\":{\"@id\":\"https:\/\/antoniruiz.com\/ca\/#website\"},\"datePublished\":\"2024-08-12T06:45:26+00:00\",\"dateModified\":\"2024-08-23T12:54:45+00:00\",\"breadcrumb\":{\"@id\":\"https:\/\/antoniruiz.com\/ca\/politica-de-privacitat\/#breadcrumb\"},\"inLanguage\":\"ca\",\"potentialAction\":[{\"@type\":\"ReadAction\",\"target\":[\"https:\/\/antoniruiz.com\/ca\/politica-de-privacitat\/\"]}]},{\"@type\":\"BreadcrumbList\",\"@id\":\"https:\/\/antoniruiz.com\/ca\/politica-de-privacitat\/#breadcrumb\",\"itemListElement\":[{\"@type\":\"ListItem\",\"position\":1,\"name\":\"Home\",\"item\":\"https:\/\/antoniruiz.com\/ca\/\"},{\"@type\":\"ListItem\",\"position\":2,\"name\":\"Pol\u00edtica de Privacitat\"}]},{\"@type\":\"WebSite\",\"@id\":\"https:\/\/antoniruiz.com\/ca\/#website\",\"url\":\"https:\/\/antoniruiz.com\/ca\/\",\"name\":\"Antoni Ruiz\",\"description\":\"\",\"publisher\":{\"@id\":\"https:\/\/antoniruiz.com\/ca\/#organization\"},\"potentialAction\":[{\"@type\":\"SearchAction\",\"target\":{\"@type\":\"EntryPoint\",\"urlTemplate\":\"https:\/\/antoniruiz.com\/ca\/?s={search_term_string}\"},\"query-input\":\"required name=search_term_string\"}],\"inLanguage\":\"ca\"},{\"@type\":\"Organization\",\"@id\":\"https:\/\/antoniruiz.com\/ca\/#organization\",\"name\":\"Antoni Ruiz\",\"url\":\"https:\/\/antoniruiz.com\/ca\/\",\"logo\":{\"@type\":\"ImageObject\",\"inLanguage\":\"ca\",\"@id\":\"https:\/\/antoniruiz.com\/ca\/#\/schema\/logo\/image\/\",\"url\":\"https:\/\/antoniruiz.com\/wp-content\/uploads\/2024\/06\/AntoniRuiz_MAIN.png\",\"contentUrl\":\"https:\/\/antoniruiz.com\/wp-content\/uploads\/2024\/06\/AntoniRuiz_MAIN.png\",\"width\":944,\"height\":675,\"caption\":\"Antoni Ruiz\"},\"image\":{\"@id\":\"https:\/\/antoniruiz.com\/ca\/#\/schema\/logo\/image\/\"}}]}<\/script>\n<!-- \/ Yoast SEO plugin. -->","yoast_head_json":{"title":"Pol\u00edtica de Privacitat - Antoni Ruiz","robots":{"index":"index","follow":"follow","max-snippet":"max-snippet:-1","max-image-preview":"max-image-preview:large","max-video-preview":"max-video-preview:-1"},"canonical":"https:\/\/antoniruiz.com\/ca\/politica-de-privacitat\/","og_locale":"ca_ES","og_type":"article","og_title":"Pol\u00edtica de Privacitat - Antoni Ruiz","og_description":"POL\u00cdTICA DE PRIVACITAT La confidencialitat i la seguretat s\u00f3n valors primordials d&#8217;ANTONI RUIZ i, en conseq\u00fc\u00e8ncia, assumim el comprom\u00eds de [&hellip;]","og_url":"https:\/\/antoniruiz.com\/ca\/politica-de-privacitat\/","og_site_name":"Antoni Ruiz","article_modified_time":"2024-08-23T12:54:45+00:00","twitter_card":"summary_large_image","twitter_misc":{"Temps estimat de lectura":"5 minuts"},"schema":{"@context":"https:\/\/schema.org","@graph":[{"@type":"WebPage","@id":"https:\/\/antoniruiz.com\/ca\/politica-de-privacitat\/","url":"https:\/\/antoniruiz.com\/ca\/politica-de-privacitat\/","name":"Pol\u00edtica de Privacitat - Antoni Ruiz","isPartOf":{"@id":"https:\/\/antoniruiz.com\/ca\/#website"},"datePublished":"2024-08-12T06:45:26+00:00","dateModified":"2024-08-23T12:54:45+00:00","breadcrumb":{"@id":"https:\/\/antoniruiz.com\/ca\/politica-de-privacitat\/#breadcrumb"},"inLanguage":"ca","potentialAction":[{"@type":"ReadAction","target":["https:\/\/antoniruiz.com\/ca\/politica-de-privacitat\/"]}]},{"@type":"BreadcrumbList","@id":"https:\/\/antoniruiz.com\/ca\/politica-de-privacitat\/#breadcrumb","itemListElement":[{"@type":"ListItem","position":1,"name":"Home","item":"https:\/\/antoniruiz.com\/ca\/"},{"@type":"ListItem","position":2,"name":"Pol\u00edtica de Privacitat"}]},{"@type":"WebSite","@id":"https:\/\/antoniruiz.com\/ca\/#website","url":"https:\/\/antoniruiz.com\/ca\/","name":"Antoni Ruiz","description":"","publisher":{"@id":"https:\/\/antoniruiz.com\/ca\/#organization"},"potentialAction":[{"@type":"SearchAction","target":{"@type":"EntryPoint","urlTemplate":"https:\/\/antoniruiz.com\/ca\/?s={search_term_string}"},"query-input":"required name=search_term_string"}],"inLanguage":"ca"},{"@type":"Organization","@id":"https:\/\/antoniruiz.com\/ca\/#organization","name":"Antoni Ruiz","url":"https:\/\/antoniruiz.com\/ca\/","logo":{"@type":"ImageObject","inLanguage":"ca","@id":"https:\/\/antoniruiz.com\/ca\/#\/schema\/logo\/image\/","url":"https:\/\/antoniruiz.com\/wp-content\/uploads\/2024\/06\/AntoniRuiz_MAIN.png","contentUrl":"https:\/\/antoniruiz.com\/wp-content\/uploads\/2024\/06\/AntoniRuiz_MAIN.png","width":944,"height":675,"caption":"Antoni Ruiz"},"image":{"@id":"https:\/\/antoniruiz.com\/ca\/#\/schema\/logo\/image\/"}}]}},"_links":{"self":[{"href":"https:\/\/antoniruiz.com\/ca\/wp-json\/wp\/v2\/pages\/14955","targetHints":{"allow":["GET"]}}],"collection":[{"href":"https:\/\/antoniruiz.com\/ca\/wp-json\/wp\/v2\/pages"}],"about":[{"href":"https:\/\/antoniruiz.com\/ca\/wp-json\/wp\/v2\/types\/page"}],"author":[{"embeddable":true,"href":"https:\/\/antoniruiz.com\/ca\/wp-json\/wp\/v2\/users\/1"}],"replies":[{"embeddable":true,"href":"https:\/\/antoniruiz.com\/ca\/wp-json\/wp\/v2\/comments?post=14955"}],"version-history":[{"count":10,"href":"https:\/\/antoniruiz.com\/ca\/wp-json\/wp\/v2\/pages\/14955\/revisions"}],"predecessor-version":[{"id":16879,"href":"https:\/\/antoniruiz.com\/ca\/wp-json\/wp\/v2\/pages\/14955\/revisions\/16879"}],"wp:attachment":[{"href":"https:\/\/antoniruiz.com\/ca\/wp-json\/wp\/v2\/media?parent=14955"}],"curies":[{"name":"wp","href":"https:\/\/api.w.org\/{rel}","templated":true}]}}